{"id":57,"date":"2015-01-07T02:09:39","date_gmt":"2015-01-07T02:09:39","guid":{"rendered":"http:\/\/www.animafestival.com.ar\/forum\/?page_id=57"},"modified":"2021-07-30T13:50:39","modified_gmt":"2021-07-30T13:50:39","slug":"actas-foro-academico","status":"publish","type":"page","link":"https:\/\/www.animafestival.com.ar\/forum\/home-2\/actas-foro-academico\/","title":{"rendered":"ACTAS &#8211; PROCEEDINGS"},"content":{"rendered":"<p><span style=\"color: #000000\"><a href=\"https:\/\/www.animafestival.com.ar\/forum\/?p=60\">2009:<\/a> <em>Se\u00f1as de Identidad. Reflexiones sobre el Arte de la Animaci\u00f3n &#8211;\u00a0Actas del I Foro Acad\u00e9mico Internacional\u00a0sobre\u00a0Animaci\u00f3n<\/em> &#8211; V Festival Internacional de Animaci\u00f3n de C\u00f3rdoba &#8211; ANIMA2009 &#8211;\u00a0Villa Mar\u00eda: Eduvim. ISBN (E-book) 978-987-1727-84-1<\/span><\/p>\n<p><span style=\"color: #000000\"><a href=\"https:\/\/www.animafestival.com.ar\/forum\/home-2\/actas-ii-foro-2011\/\">2011:<\/a> <em>Formas de Animaci\u00f3n en Am\u00e9rica Latina y el Caribe &#8211; Actas del II Foro Acad\u00e9mico Internacional sobre\u00a0Animaci\u00f3n<\/em> &#8211; VI Festival Internacional de Animaci\u00f3n de C\u00f3rdoba &#8211; ANIMA2011<\/span><\/p>\n<p><span style=\"color: #000000\"><a href=\"https:\/\/www.animafestival.com.ar\/forum\/home-2\/actas-iii-foro-2013\/\">2013:<\/a> <em>La Animaci\u00f3n y las otras Artes &#8211; Actas del III Foro Acad\u00e9mico Internacional sobre\u00a0Animaci\u00f3n<\/em> &#8211;\u00a0VII Festival Internacional de Animaci\u00f3n de C\u00f3rdoba &#8211; ANIMA2013 &#8211; C\u00f3rdoba: Universidad Nacional de C\u00f3rdoba. \u00a0 ISBN (E-book) 978-950-33-1096-0<\/span><\/p>\n<p><span style=\"color: #000000\"><a href=\"https:\/\/www.animafestival.com.ar\/forum\/?page_id=340&amp;preview=true\">2015:\u00a0<\/a><em>El Estado de Independencia en la Animaci\u00f3n &#8211;\u00a0Actas del IV Foro Acad\u00e9mico Internacional sobre\u00a0Animaci\u00f3n<\/em>\u00a0&#8211;\u00a0VIII Festival Internacional de Animaci\u00f3n de C\u00f3rdoba &#8211; ANIMA2015 &#8211; C\u00f3rdoba: Universidad Nacional de C\u00f3rdoba. \u00a0 ISBN (E-book) 978-987-1697-25-0<br \/>\n<\/span><\/p>\n<p><a href=\"https:\/\/www.animafestival.com.ar\/forum\/home-2\/actas-foro-academico\/2017-v-foro-v-forum\/\">2017:<\/a> <em>Un siglo de Animaci\u00f3n Argentina <\/em><em>&#8211;\u00a0Actas del V\u00ba Foro Acad\u00e9mico sobre Animaci\u00f3n<\/em>\u00a0&#8211; IX Festival Internacional de Animaci\u00f3n C\u00f3rdoba &#8211; ANIMA\u201817 &#8211; Villa Mar\u00eda: Universidad Nacional de Villa Mar\u00eda. ISBN (E-book) 978-987-1697-83-0<\/p>\n<p><a href=\"https:\/\/www.animafestival.com.ar\/forum\/home-2\/actas-foro-academico\/faia-foro-academico-internacional-sobre-animacion\/\">2019:<\/a> <em>La animaci\u00f3n y su capacidad para construir realidades\u00a0<\/em><em>&#8211;\u00a0Actas del VI\u00ba Foro Acad\u00e9mico sobre Animaci\u00f3n<\/em>\u00a0&#8211; X Festival Internacional de Animaci\u00f3n C\u00f3rdoba &#8211; ANIMA\u201819 &#8211; Villa Mar\u00eda: Universidad Nacional de Villa Mar\u00eda. ISBN (E-book)\u00a0978-950-33-1612-2<\/p>\n<p>&#8212;&#8212;&#8212;&#8212;&#8212;&#8212;&#8212;&#8212;&#8212;&#8212;&#8212;&#8212;&#8212;&#8212;&#8212;&#8212;&#8212;&#8212;&#8212;&#8212;&#8212;&#8212;&#8212;&#8212;&#8212;&#8212;&#8212;&#8212;&#8212;&#8212;&#8212;&#8212;&#8212;&#8212;&#8212;&#8212;&#8212;&#8212;&#8212;-<\/p>\n<p><a href=\"https:\/\/www.animafestival.com.ar\/forum\/?p=60\">2009:<\/a>\u00a0<em>Signs of Identity. Reflections on the Art of Animation &#8211;\u00a0Proceedings from the I International\u00a0Academic Forum on Animation<\/em> &#8211; V C\u00f3rdoba International Animation Festival &#8211; ANIMA2009 &#8211;\u00a0Villa Mar\u00eda: Eduvim. ISBN (E-book)\u00a0 978-987-1727-84-1<\/p>\n<p><a href=\"https:\/\/www.animafestival.com.ar\/forum\/home-2\/actas-ii-foro-2011\/\">2011:<\/a> <em>Forms of Animation\u00a0in Latin America and the Caribbean\u00a0&#8211;\u00a0Proceedings from the II International\u00a0Academic Forum on Animation<\/em> &#8211; VI C\u00f3rdoba International Animation Festival &#8211; ANIMA2011<\/p>\n<p><a href=\"https:\/\/www.animafestival.com.ar\/forum\/home-2\/actas-iii-foro-2013\/\">2013:<\/a> A<em>nimation and other Arts\u00a0&#8211;\u00a0Proceedings from the III International\u00a0Academic Forum on Animation <\/em>&#8211; VII C\u00f3rdoba International Animation Festival &#8211; ANIMA2013 &#8211; C\u00f3rdoba: Universidad Nacional de C\u00f3rdoba. ISBN (E-book) 978-950-33-1096-0<\/p>\n<p><a href=\"https:\/\/www.animafestival.com.ar\/forum\/?page_id=340&amp;preview=true\">2015:<\/a> <em>The State of independence\u00a0&#8211;\u00a0Proceedings from the IV International\u00a0Academic Forum on Animation<\/em> &#8211; VIII C\u00f3rdoba International Animation Festival &#8211; ANIMA2015 &#8211; C\u00f3rdoba: Universidad Nacional de C\u00f3rdoba. ISBN (E-book) 978-987-1697-25-0<\/p>\n<p><a href=\"https:\/\/www.animafestival.com.ar\/forum\/home-2\/actas-foro-academico\/2017-v-foro-v-forum\/\">2017:<\/a> <em>Un siglo de Animaci\u00f3n Argentina <\/em><em>&#8211; Proceedings from the V\u00ba\u00a0<\/em><em>International\u00a0Academic Forum on Animation<\/em> &#8211; IX C\u00f3rdoba International Animation Festival &#8211; ANIMA\u201817 &#8211; Villa Mar\u00eda: Universidad Nacional de Villa Mar\u00eda. ISBN (E-book) 978-987-1697-83-0<\/p>\n<p><a href=\"https:\/\/www.animafestival.com.ar\/forum\/home-2\/actas-foro-academico\/faia-foro-academico-internacional-sobre-animacion\/\">2019:<\/a> <em>La animaci\u00f3n y su capacidad para construir realidades\u00a0<\/em><em>&#8211; Proceedings from the V \u00ba International\u00a0Academic Forum on Animation<\/em>\u00a0&#8211; X C\u00f3rdoba International Animation Festival\u00a0&#8211; ANIMA\u201819 &#8211; Villa Mar\u00eda: Universidad Nacional de Villa Mar\u00eda. ISBN (E-book)\u00a0978-950-33-1612-2<\/p>\n","protected":false},"excerpt":{"rendered":"<p>2009: Se\u00f1as de Identidad. Reflexiones sobre el Arte de la Animaci\u00f3n &#8211;\u00a0Actas del I Foro Acad\u00e9mico Internacional\u00a0sobre\u00a0Animaci\u00f3n &#8211; V Festival Internacional de Animaci\u00f3n de C\u00f3rdoba &#8211; ANIMA2009 &#8211;\u00a0Villa Mar\u00eda: Eduvim. [&hellip;]<\/p>\n","protected":false},"author":8,"featured_media":0,"parent":47,"menu_order":0,"comment_status":"closed","ping_status":"closed","template":"","meta":{"footnotes":""},"class_list":["post-57","page","type-page","status-publish","hentry"],"_links":{"self":[{"href":"https:\/\/www.animafestival.com.ar\/forum\/wp-json\/wp\/v2\/pages\/57","targetHints":{"allow":["GET"]}}],"collection":[{"href":"https:\/\/www.animafestival.com.ar\/forum\/wp-json\/wp\/v2\/pages"}],"about":[{"href":"https:\/\/www.animafestival.com.ar\/forum\/wp-json\/wp\/v2\/types\/page"}],"author":[{"embeddable":true,"href":"https:\/\/www.animafestival.com.ar\/forum\/wp-json\/wp\/v2\/users\/8"}],"replies":[{"embeddable":true,"href":"https:\/\/www.animafestival.com.ar\/forum\/wp-json\/wp\/v2\/comments?post=57"}],"version-history":[{"count":20,"href":"https:\/\/www.animafestival.com.ar\/forum\/wp-json\/wp\/v2\/pages\/57\/revisions"}],"predecessor-version":[{"id":922,"href":"https:\/\/www.animafestival.com.ar\/forum\/wp-json\/wp\/v2\/pages\/57\/revisions\/922"}],"up":[{"embeddable":true,"href":"https:\/\/www.animafestival.com.ar\/forum\/wp-json\/wp\/v2\/pages\/47"}],"wp:attachment":[{"href":"https:\/\/www.animafestival.com.ar\/forum\/wp-json\/wp\/v2\/media?parent=57"}],"curies":[{"name":"wp","href":"https:\/\/api.w.org\/{rel}","templated":true}]}}