{"id":60,"date":"2015-01-07T02:11:01","date_gmt":"2015-01-07T02:11:01","guid":{"rendered":"http:\/\/www.animafestival.com.ar\/forum\/?page_id=60"},"modified":"2021-08-13T15:07:41","modified_gmt":"2021-08-13T15:07:41","slug":"actas-i-foro-2009","status":"publish","type":"page","link":"https:\/\/www.animafestival.com.ar\/forum\/home-2\/actas-foro-academico\/actas-i-foro-2009\/","title":{"rendered":"2009 &#8211; I FORO \/ I FORUM"},"content":{"rendered":"<h2 style=\"text-align: center\"><span style=\"color: #800080\">Se\u00f1as de Identidad<\/span><br \/>\n<span style=\"color: #800080\">Reflexiones sobre el Arte de la Animaci\u00f3n<\/span><\/h2>\n<p style=\"text-align: center\">Actas del I Foro Acad\u00e9mico Internacional\u00a0sobre\u00a0Animaci\u00f3n<br \/>\nV Festival Internacional de Animaci\u00f3n de C\u00f3rdoba &#8211; ANIMA 2009 &#8211;<br \/>\n<span style=\"color: #000000\">ISBN 978-987-1727-84-1<\/span><\/p>\n<hr \/>\n<div class=\"layoutArea\">\n<div class=\"column\">\n<p style=\"text-align: left\"><strong><span style=\"color: #800080\">\u00cdndice<\/span><\/strong><\/p>\n<div class=\"page\" title=\"Page 9\">\n<div class=\"layoutArea\">\n<p><a href=\"https:\/\/www.animafestival.com.ar\/forum\/files\/2015\/01\/3-A-15-Prologo.pdf\">P\u00e1g. 09<\/a> &#8211; <em>Presentaci\u00f3n<\/em><br \/>\n<a href=\"https:\/\/www.animafestival.com.ar\/forum\/files\/2015\/01\/17-A-25-Mar%C3%ADa-Lorenzo-Hern%C3%A1ndez.pdf\">P\u00e1g. 17<\/a> &#8211; <em>Una pel\u00edcula propia: El autorretrato femenino animado contempor\u00e1ne0<\/em>. Mar\u00eda Lorenzo Hern\u00e1ndez, Universidad\u00a0Pol\u00edt\u00e9cnica de Valencia, Espa\u00f1a. <a href=\"https:\/\/www.animafestival.com.ar\/forum\/files\/2015\/01\/27-A-34-Mar%C3%ADa-Lorenzo-Hern%C3%A1ndez.pdf\">(Versi\u00f3n en Ingl\u00e9s)<\/a><\/p>\n<p><a href=\"https:\/\/www.animafestival.com.ar\/forum\/files\/2015\/01\/35-A-43-Maureen-Furniss.pdf\">P\u00e1g. 35<\/a> &#8211; <em>Austrian Animation and the Fine Arts<\/em>. Maureen Furniss, California Institute of the Arts, Valencia, USA.<\/p>\n<p><a href=\"https:\/\/www.animafestival.com.ar\/forum\/files\/2015\/01\/45-A-52-Sara-Alvarez-Sarrat.pdf\">P\u00e1g. 45<\/a> &#8211; <em>Animaci\u00f3n, el medio contaminado. Dibujo, Pintura y Cine<\/em>.\u00a0Sara \u00c1lvarez Sarrat, Universidad Polit\u00e9cnica de Valencia, Espa\u00f1a<\/p>\n<p><a href=\"https:\/\/www.animafestival.com.ar\/forum\/files\/2015\/01\/53-A-61-Alejandro-gonzalez.pdf\">P\u00e1g. 53<\/a> &#8211; <em>Hacia la identificaci\u00f3n de la figura del autor en la animaci\u00f3n argentina.<\/em> Alejandro R. Gonz\u00e1lez, Universidad Nacional de Villa Mar\u00eda, Universidad Nacional de C\u00f3rdoba, Argentina.<\/p>\n<p><a href=\"https:\/\/www.animafestival.com.ar\/forum\/files\/2015\/01\/63-A-67-Mohamed-Ghazala.pdf\">P\u00e1g. 63<\/a> &#8211; <em>The African Animation.<\/em> Mohammed Ghazala, Minia University, Egipto.<\/p>\n<p><a href=\"https:\/\/www.animafestival.com.ar\/forum\/files\/2015\/01\/69-A-92-Pierre-Floquet.pdf\">P\u00e1g. 69<\/a> &#8211; <em>Femininity, Censorship, and More in Tex Avery Cartoons.<\/em> Pierre Floquet, Universite Bordeaux, Francia.<\/p>\n<hr \/>\n<p style=\"text-align: left\">Forma de citado de los art\u00edculos\u00a0publicados en esta compilaci\u00f3n:<\/p>\n<p>Apellido del Autor, Inicial del Nombre (2011). \u00abT\u00edtulo Art\u00edculo\u00bb.\u00a0En Garz\u00f3n, C. y Gonz\u00e1lez, A. (Comp.) <em>Se\u00f1as de identidad: reflexiones sobre el arte de la animaci\u00f3n &#8211;\u00a0Actas del 1\u00ba Foro Acad\u00e9mico sobre Animaci\u00f3n<\/em> &#8211; V Festival Internacional de Animaci\u00f3n C\u00f3rdoba, ANIMA\u201809 &#8211; 1a ed. (pp. n\u00fameros de las p\u00e1ginas en las que est\u00e1 el cap\u00edtulo citado) &#8211; Villa Mar\u00eda: Eduvim.<\/p>\n<\/div>\n<\/div>\n<\/div>\n<\/div>\n","protected":false},"excerpt":{"rendered":"<p>Se\u00f1as de Identidad Reflexiones sobre el Arte de la Animaci\u00f3n Actas del I Foro Acad\u00e9mico Internacional\u00a0sobre\u00a0Animaci\u00f3n V Festival Internacional de Animaci\u00f3n de C\u00f3rdoba &#8211; ANIMA 2009 &#8211; ISBN 978-987-1727-84-1 \u00cdndice [&hellip;]<\/p>\n","protected":false},"author":8,"featured_media":0,"parent":57,"menu_order":0,"comment_status":"closed","ping_status":"closed","template":"","meta":{"footnotes":""},"class_list":["post-60","page","type-page","status-publish","hentry"],"_links":{"self":[{"href":"https:\/\/www.animafestival.com.ar\/forum\/wp-json\/wp\/v2\/pages\/60","targetHints":{"allow":["GET"]}}],"collection":[{"href":"https:\/\/www.animafestival.com.ar\/forum\/wp-json\/wp\/v2\/pages"}],"about":[{"href":"https:\/\/www.animafestival.com.ar\/forum\/wp-json\/wp\/v2\/types\/page"}],"author":[{"embeddable":true,"href":"https:\/\/www.animafestival.com.ar\/forum\/wp-json\/wp\/v2\/users\/8"}],"replies":[{"embeddable":true,"href":"https:\/\/www.animafestival.com.ar\/forum\/wp-json\/wp\/v2\/comments?post=60"}],"version-history":[{"count":39,"href":"https:\/\/www.animafestival.com.ar\/forum\/wp-json\/wp\/v2\/pages\/60\/revisions"}],"predecessor-version":[{"id":956,"href":"https:\/\/www.animafestival.com.ar\/forum\/wp-json\/wp\/v2\/pages\/60\/revisions\/956"}],"up":[{"embeddable":true,"href":"https:\/\/www.animafestival.com.ar\/forum\/wp-json\/wp\/v2\/pages\/57"}],"wp:attachment":[{"href":"https:\/\/www.animafestival.com.ar\/forum\/wp-json\/wp\/v2\/media?parent=60"}],"curies":[{"name":"wp","href":"https:\/\/api.w.org\/{rel}","templated":true}]}}