{"id":62,"date":"2015-01-07T02:11:36","date_gmt":"2015-01-07T02:11:36","guid":{"rendered":"http:\/\/www.animafestival.com.ar\/forum\/?page_id=62"},"modified":"2017-11-27T11:18:04","modified_gmt":"2017-11-27T11:18:04","slug":"actas-ii-foro-2011","status":"publish","type":"page","link":"https:\/\/www.animafestival.com.ar\/forum\/home-2\/actas-foro-academico\/actas-ii-foro-2011\/","title":{"rendered":"2011 &#8211; II FORO \/ II FORUM"},"content":{"rendered":"<h2 style=\"text-align: center\"><span style=\"color: #800080\">Formas de Animaci\u00f3n en Am\u00e9rica Latina y el Caribe<\/span><\/h2>\n<p style=\"text-align: center\">Actas del II Foro Acad\u00e9mico Internacional\u00a0sobre\u00a0Animaci\u00f3n<br \/>\nVI Festival Internacional de Animaci\u00f3n de C\u00f3rdoba &#8211; ANIMA 2011 &#8211;<\/p>\n<p>&nbsp;<\/p>\n<hr \/>\n<p style=\"text-align: left\">P\u00e1gina en construcci\u00f3n<\/p>\n","protected":false},"excerpt":{"rendered":"<p>Formas de Animaci\u00f3n en Am\u00e9rica Latina y el Caribe Actas del II Foro Acad\u00e9mico Internacional\u00a0sobre\u00a0Animaci\u00f3n VI Festival Internacional de Animaci\u00f3n de C\u00f3rdoba &#8211; ANIMA 2011 &#8211; &nbsp; P\u00e1gina en construcci\u00f3n<\/p>\n","protected":false},"author":8,"featured_media":0,"parent":57,"menu_order":0,"comment_status":"closed","ping_status":"closed","template":"","meta":{"footnotes":""},"class_list":["post-62","page","type-page","status-publish","hentry"],"_links":{"self":[{"href":"https:\/\/www.animafestival.com.ar\/forum\/wp-json\/wp\/v2\/pages\/62","targetHints":{"allow":["GET"]}}],"collection":[{"href":"https:\/\/www.animafestival.com.ar\/forum\/wp-json\/wp\/v2\/pages"}],"about":[{"href":"https:\/\/www.animafestival.com.ar\/forum\/wp-json\/wp\/v2\/types\/page"}],"author":[{"embeddable":true,"href":"https:\/\/www.animafestival.com.ar\/forum\/wp-json\/wp\/v2\/users\/8"}],"replies":[{"embeddable":true,"href":"https:\/\/www.animafestival.com.ar\/forum\/wp-json\/wp\/v2\/comments?post=62"}],"version-history":[{"count":11,"href":"https:\/\/www.animafestival.com.ar\/forum\/wp-json\/wp\/v2\/pages\/62\/revisions"}],"predecessor-version":[{"id":651,"href":"https:\/\/www.animafestival.com.ar\/forum\/wp-json\/wp\/v2\/pages\/62\/revisions\/651"}],"up":[{"embeddable":true,"href":"https:\/\/www.animafestival.com.ar\/forum\/wp-json\/wp\/v2\/pages\/57"}],"wp:attachment":[{"href":"https:\/\/www.animafestival.com.ar\/forum\/wp-json\/wp\/v2\/media?parent=62"}],"curies":[{"name":"wp","href":"https:\/\/api.w.org\/{rel}","templated":true}]}}