{"id":64,"date":"2015-01-07T02:12:16","date_gmt":"2015-01-07T02:12:16","guid":{"rendered":"http:\/\/www.animafestival.com.ar\/forum\/?page_id=64"},"modified":"2021-08-13T15:02:23","modified_gmt":"2021-08-13T15:02:23","slug":"actas-iii-foro-2013","status":"publish","type":"page","link":"https:\/\/www.animafestival.com.ar\/forum\/home-2\/actas-foro-academico\/actas-iii-foro-2013\/","title":{"rendered":"2013 &#8211; III FORO \/ III FORUM"},"content":{"rendered":"<h2 style=\"text-align: center\"><span style=\"color: #800080\">La Animaci\u00f3n y las otras Artes<\/span><\/h2>\n<p style=\"text-align: center\"><span style=\"color: #000000\">Actas del III Foro Acad\u00e9mico Internacional\u00a0sobre\u00a0Animaci\u00f3n<br \/>\nV Festival Internacional de Animaci\u00f3n de C\u00f3rdoba &#8211; ANIMA 2013 &#8211;<br \/>\nISBN 978-950-33-1096-0<\/span><\/p>\n<hr \/>\n<p style=\"text-align: left\"><strong><span style=\"color: #800080\">\u00cdndice<\/span><\/strong><\/p>\n<p><a href=\"https:\/\/www.animafestival.com.ar\/forum\/files\/2015\/01\/00_Tapa_Indice.pdf\">P\u00e1g. 01<\/a> &#8211; <em>Informaci\u00f3n general de la publicaci\u00f3n<\/em><\/p>\n<p><a href=\"https:\/\/www.animafestival.com.ar\/forum\/files\/2017\/08\/01_prologo.pdf\">P\u00e1g. 09<\/a> &#8211; <em>Pr\u00f3logo<\/em><\/p>\n<p><a href=\"https:\/\/www.animafestival.com.ar\/forum\/files\/2017\/03\/02_paul_wells.pdf\">P\u00e1g. 13<\/a> &#8211;\u00a0<em>Toy<\/em> <em>Stories, Trade Tattoos and Taiwan Tigers: Or What\u2019s Animation Ever Done For Us? &#8211; Validating the Animated Film<\/em><em>.\u00a0<\/em>Paul Wells,\u00a0Loughborough University,\u00a0Reino Unido.<\/p>\n<p><a href=\"https:\/\/www.animafestival.com.ar\/forum\/files\/2015\/01\/03_agustin_berti.pdf\">P\u00e1g. 37<\/a> &#8211;\u00a0<em>De Little Nemo a Ghost in the Shell: sobre los m\u00e1rgenes de las im\u00e1genes en movimiento.<\/em>\u00a0Agust\u00edn Berti,\u00a0Universidad Nacional de C\u00f3rdoba, Argentina.<\/p>\n<p><a href=\"https:\/\/www.animafestival.com.ar\/forum\/files\/2015\/01\/04_hugo_cordoba.pdf\">P\u00e1g. 53<\/a> &#8211;\u00a0<em>Cuerpos, cyborgs e inteligencia artificial en los anime japoneses.<\/em>\u00a0Hugo C\u00f3rdova Quero, \u00a0Graduate Theological Union, California, USA.<\/p>\n<p><a href=\"https:\/\/www.animafestival.com.ar\/forum\/files\/2015\/01\/05_alejandro_gonzalez.pdf\">P\u00e1g. 71<\/a> &#8211;\u00a0<em>\u2018Caloi en su tinta\u2019 y su influencia en la animaci\u00f3n argentina.<\/em>\u00a0Alejandro Rodrigo Gonz\u00e1lez.\u00a0Universidad Nacional de C\u00f3rdoba y Universidad Nacional de Villa Mar\u00eda, Argentina.<\/p>\n<p>P\u00e1g. 87 &#8211;\u00a0<em>Los recursos de lenguaje que advienen de la\u00a0 estereoscopia aplicados a la animaci\u00f3n en el marco de la era digital.<\/em>\u00a0Marlene Nascimento da Silva, Universidad Nacional de Buenos Aires, Argentina.<\/p>\n<p><a href=\"https:\/\/www.animafestival.com.ar\/forum\/files\/2015\/01\/07_siragusa_asis.pdf\">P\u00e1g. 99<\/a> &#8211;\u00a0<em>De Animador a animador: Sobre el fen\u00f3meno de la meta-animaci\u00f3n en la Argentina.<\/em>\u00a0Cristina Andrea Siragusa &#8211; Paula Andrea As\u00eds Ferri,\u00a0Universidad Nacional de C\u00f3rdoba y Universidad Nacional de Villa Mar\u00eda, Argentina.<\/p>\n<p><a href=\"https:\/\/www.animafestival.com.ar\/forum\/files\/2015\/01\/08_fiorenza_segre.pdf\">P\u00e1g. 119 <\/a>&#8211;\u00a0<em>Miguel de Lorenzi: Un artista gr\u00e1fico en Movimiento<\/em>.\u00a0Mar\u00eda Eugenia Fiorenza &#8211; Carolina In\u00e9s Segre.\u00a0Universidad Nacional de Villa Mar\u00eda, Argentina.<\/p>\n<p><a href=\"https:\/\/www.animafestival.com.ar\/forum\/files\/2015\/01\/09_maria-lorenzo2.pdf\">P\u00e1g. 135<\/a> &#8211;\u00a0<em>Cuadernos de viaje animados: Memoria, tr\u00e1nsito y experiencia<\/em>.\u00a0Mar\u00eda Lorenzo Hern\u00e1ndez,\u00a0Universitat Polit\u00e8cnica de Val\u00e8ncia, Espa\u00f1a. <a title=\"presentaci\u00f3n en video\" href=\"http:\/\/youtu.be\/U0OieOcEG_Q\" target=\"_blank\" rel=\"noopener noreferrer\"><img decoding=\"async\" class=\"alignnone wp-image-187 size-full\" src=\"https:\/\/www.animafestival.com.ar\/forum\/files\/2015\/01\/cinema1.png\" alt=\"cinema1\" width=\"24\" height=\"24\" \/><\/a><\/p>\n<p><a href=\"https:\/\/www.animafestival.com.ar\/forum\/files\/2015\/01\/10_hernandez_cantisani.pdf\">P\u00e1g. 153<\/a> &#8211;\u00a0<em>Animando un cl\u00e1sico: Martin Fierro, del libro a la pel\u00edcula<\/em>.\u00a0Carolina Hern\u00e1ndez &#8211; Mar\u00eda Luz Cantisani Rovasio,\u00a0Universidad Nacional de Villa Mar\u00eda, Argentina.<\/p>\n<p><a href=\"https:\/\/www.animafestival.com.ar\/forum\/files\/2019\/06\/11_carla-schneider.pdf\" target=\"_blank\" rel=\"noopener noreferrer\">P\u00e1g. 163<\/a> &#8211;\u00a0<em>\u201cO Reino Azul\u201d y los procesos de traducci\u00f3n entre el cine de animaci\u00f3n brasilero y la historieta argentina<\/em>.\u00a0Carla Schneider &#8211; Andr\u00e9 Macedo &#8211; Eloar Guazzelli Filho,\u00a0Universidad Federal de Pelotas, Brasil.<\/p>\n<p><a href=\"https:\/\/www.animafestival.com.ar\/forum\/files\/2015\/01\/12_Monica-Kirchheimer.pdf\">P\u00e1g. 181<\/a> &#8211; <em>El derrotero de una b\u00fasqueda estil\u00edstica. Largometrajes animados argentinos<\/em>.\u00a0M\u00f3nica S. Kirchheimer, Universidad Nacional del Arte,\u00a0Argentina.<\/p>\n<p><a href=\"https:\/\/www.animafestival.com.ar\/forum\/files\/2015\/01\/14_Maria-Alejandra-Alonso.pdf\">P\u00e1g. 193<\/a> &#8211;\u00a0<em>Di\u00e1logos, continuidades y distancias entre dibujos animados anal\u00f3gicos y digitales<\/em>.\u00a0Mar\u00eda Alejandra Alonso,\u00a0Universidad Nacional del Arte,\u00a0Argentina.<\/p>\n<p><a href=\"https:\/\/www.animafestival.com.ar\/forum\/files\/2015\/01\/15_Raul-Gonzalez-Monaj.pdf\">P\u00e1g. 205\u00a0<\/a>&#8211;\u00a0<em>Principios, Procesos y aplicaciones de la animaci\u00f3n de t\u00f3ner<\/em>.\u00a0Ra\u00fal Gonz\u00e1lez-Monaj,\u00a0Universitat Polit\u00e8cnica de Val\u00e8ncia, Espa\u00f1a.\u00a0<a title=\"presentaci\u00f3n MONAJ\" href=\"http:\/\/youtu.be\/Ryb-uFc5BNY\" target=\"_blank\" rel=\"noopener noreferrer\"><img decoding=\"async\" class=\"alignnone wp-image-187 size-full\" src=\"https:\/\/www.animafestival.com.ar\/forum\/files\/2015\/01\/cinema1.png\" alt=\"cinema1\" width=\"24\" height=\"24\" \/><\/a><\/p>\n<p><a href=\"https:\/\/www.animafestival.com.ar\/forum\/files\/2015\/01\/16_Adriana-Navarro.pdf\">P\u00e1g. 221<\/a>\u00a0&#8211; <em>V\u00eda Tango, una danza animada<\/em>. Adriana Navarro \u00c1lvarez,\u00a0Universitat Polit\u00e8cnica de Val\u00e8ncia, Espa\u00f1a.<\/p>\n<p><strong><span style=\"color: #800080\">POSTERS<\/span><\/strong><\/p>\n<p><a href=\"https:\/\/www.animafestival.com.ar\/forum\/files\/2015\/05\/17_POSTER_Raul-Gonzalez-Monaj1.pdf\">P\u00e1g. 239<\/a> &#8211; <em>Correcci\u00f3n de errores en la animaci\u00f3n de arena<\/em>.\u00a0Ra\u00fal Gonz\u00e1lez-Monaj,\u00a0Universitat Polit\u00e8cnica de Val\u00e8ncia, Espa\u00f1a.<\/p>\n<p><a href=\"https:\/\/rdu.unc.edu.ar\/handle\/11086\/11458\" target=\"_blank\" rel=\"noopener noreferrer\">PDF Completo disponible en MAPA &#8211; Repositorio Digital de la Facultad de Artes, UNC.<\/a><\/p>\n<hr \/>\n<div class=\"page\" title=\"Page 4\">\n<div class=\"section\">\n<div class=\"layoutArea\">\n<div class=\"column\">\n<div class=\"page\" title=\"Page 4\">\n<div class=\"section\">\n<div class=\"layoutArea\">\n<div class=\"column\">\n<p style=\"text-align: left\">Forma de citado de los art\u00edculos\u00a0publicados en esta compilaci\u00f3n:<\/p>\n<p style=\"text-align: left\">Apellido del Autor, Inicial del Nombre (2013). \u00abT\u00edtulo Art\u00edculo\u00bb. En As\u00eds Ferri, P y Gonz\u00e1lez, A. (Comp.) <em><span style=\"color: #000000\">La Animaci\u00f3n y las otras Artes\u00a0<\/span><\/em><em>&#8211;\u00a0Actas del 3\u00ba Foro Acad\u00e9mico sobre Animaci\u00f3n<\/em> &#8211; VII Festival Internacional de Animaci\u00f3n C\u00f3rdoba, ANIMA \u201813 &#8211; 1a ed. (pp. n\u00fameros de las p\u00e1ginas en las que est\u00e1 el cap\u00edtulo citado) &#8211; C\u00f3rdoba: Universidad Nacional de C\u00f3rdoba.<strong>\u00a0<\/strong><\/p>\n<\/div>\n<\/div>\n<\/div>\n<\/div>\n<\/div>\n<\/div>\n<\/div>\n<\/div>\n","protected":false},"excerpt":{"rendered":"<p>La Animaci\u00f3n y las otras Artes Actas del III Foro Acad\u00e9mico Internacional\u00a0sobre\u00a0Animaci\u00f3n V Festival Internacional de Animaci\u00f3n de C\u00f3rdoba &#8211; ANIMA 2013 &#8211; ISBN 978-950-33-1096-0 \u00cdndice P\u00e1g. 01 &#8211; Informaci\u00f3n [&hellip;]<\/p>\n","protected":false},"author":8,"featured_media":0,"parent":57,"menu_order":0,"comment_status":"closed","ping_status":"closed","template":"","meta":{"footnotes":""},"class_list":["post-64","page","type-page","status-publish","hentry"],"_links":{"self":[{"href":"https:\/\/www.animafestival.com.ar\/forum\/wp-json\/wp\/v2\/pages\/64","targetHints":{"allow":["GET"]}}],"collection":[{"href":"https:\/\/www.animafestival.com.ar\/forum\/wp-json\/wp\/v2\/pages"}],"about":[{"href":"https:\/\/www.animafestival.com.ar\/forum\/wp-json\/wp\/v2\/types\/page"}],"author":[{"embeddable":true,"href":"https:\/\/www.animafestival.com.ar\/forum\/wp-json\/wp\/v2\/users\/8"}],"replies":[{"embeddable":true,"href":"https:\/\/www.animafestival.com.ar\/forum\/wp-json\/wp\/v2\/comments?post=64"}],"version-history":[{"count":61,"href":"https:\/\/www.animafestival.com.ar\/forum\/wp-json\/wp\/v2\/pages\/64\/revisions"}],"predecessor-version":[{"id":955,"href":"https:\/\/www.animafestival.com.ar\/forum\/wp-json\/wp\/v2\/pages\/64\/revisions\/955"}],"up":[{"embeddable":true,"href":"https:\/\/www.animafestival.com.ar\/forum\/wp-json\/wp\/v2\/pages\/57"}],"wp:attachment":[{"href":"https:\/\/www.animafestival.com.ar\/forum\/wp-json\/wp\/v2\/media?parent=64"}],"curies":[{"name":"wp","href":"https:\/\/api.w.org\/{rel}","templated":true}]}}